{"id":68,"date":"2010-09-08T12:59:35","date_gmt":"2010-09-08T10:59:35","guid":{"rendered":"http:\/\/fernuni.digreb.net\/?page_id=68"},"modified":"2025-11-25T18:24:37","modified_gmt":"2025-11-25T17:24:37","slug":"01141-grundlagen-mathematik","status":"publish","type":"page","link":"https:\/\/fernuni.digreb.net\/?page_id=68","title":{"rendered":"01141 &#8211; Grundlagen Mathematik"},"content":{"rendered":"\n<h2 class=\"wp-block-heading\">Pers\u00f6nliches, subjektives Kursfazit<\/h2>\n\n\n\n<p>Ich muss nat\u00fcrlich sagen, dass dieser Kurs &#8211; vor allem am Anfang des Studiums &#8211; ein sehr harter Brocken ist. Je nach Vorwissen (Abi? Leistungskurs Mathe? Einige Kommilitonen mit Mathe LK und guten, bis sehr guten Leistungen im Abi hatten ihre liebe M\u00fche mit diesem Kurs) gestaltet sich dieser entsprechend schwierig oder brutal. <strong>Wichtig:<\/strong> Er ist aber nicht unschaffbar, ich bin der Beweis. Lasst euch blo\u00df nicht entmutigen!<\/p>\n\n\n\n<p>Aber: in diesem Kurs finden sich die <em>Grundlagen<\/em>, die f\u00fcr das weitere Studium ben\u00f6tigt werden. &#8222;Auf L\u00fccke&#8220; lernen w\u00fcrde ich also nicht empfehlen. Man sollte die Themen durchaus verstehen, auch wenn man nicht alle Beweise nachvollziehen kann. Und hier liegt auch das Hauptproblem des Kurses. Der Aufbau des Skripts. Es besteht weitestgehend aus Definition-Satz-Beweis; Korollar-Definition-Beweis; Definition-Beispiel-Beweis-Aufgabe; Definition-Proposition-Beweis; &#8230; ich glaube ihr habt verstanden. Nein, das ist keine \u00dcbertreibung und kein Witz. Das Skript, sowie die Einsendeaufgaben verlangen meist Beweise. Beweisen sie dies, beweisen sie jenes&#8230; Rechnen tut man nicht viel. H\u00f6chstens ein bisschen bei Gauss. Kennt Ihr die beiden B\u00fccher der Teschl-Reihe? Das Kursskript ist das genaue Gegenteil davon. Und hier kommen wir auch zur<\/p>\n\n\n\n<h3 class=\"wp-block-heading\">Literatur-empfehlung<\/h3>\n\n\n\n<p>Ohne die beiden Teschl-B\u00fccher w\u00fcrde ich immernoch bei Kapitel 1 des Skripts h\u00e4ngen. Und was das Dummie-Buch angeht: nach jahrelanger Mathe-Abstinenz war es genau das Richtige um sich behutsam an die Analysis ranzutasten. Und ich muss zugeben: es hat den Schock, hervorgerufen durch das 1. Analysis-Kapitel im Skript (&#8222;Beweisen Sie, dass&#8230;&#8220;), durchaus abgefedert. Und manchmal braucht man einfach Literatur, die mit einem umgeht als w\u00e4re man vom IQ her ein Laib Toastbrot.<\/p>\n\n\n\n<p>Wer zus\u00e4tzlich noch \u00dcbungen braucht, ist mit dem <a href=\"http:\/\/www.amazon.de\/gp\/product\/3834812528?ie=UTF8&amp;tag=fernblog09-21&amp;linkCode=as2&amp;camp=1789&amp;creative=9325&amp;creativeASIN=3834812528\">\u00dcbungsbuch zu Analysis<\/a> 1 von Forster und Wessoly gut bedient.<\/p>\n\n\n\n<h3 class=\"wp-block-heading\">Klausurbewertung und Organisatorisches<\/h3>\n\n\n\n<p>Stand SS 2009: Klausur wird fair gestellt. Punkte werden manchmal nach unten korrigiert. Die Durchfallquote liegt bei etwas \u00fcber 50%. Selbst bei verringerter Bestehens-Punktzahl. Ich empfehle alle Klausuren vorher erst ohne, dann mit Stoppuhr durchzuarbeiten um sich an das Tempo zu gew\u00f6hnen. Am Ende der Zeit ist oft noch etwas Klausur \u00fcbrig.<\/p>\n\n\n\n<p>Die Betreuung in der Newsgroup ist sehr gut. Kursbetreuer und Profs sind aktiv, Mitstudenten helfen bei Fragen gerne weiter. Qualit\u00e4t der Studientage variiert mit der Person vorne am Pult, wie ich geh\u00f6rt habe. Ich war auf keinem Studientag.<\/p>\n\n\n\n<h2 class=\"wp-block-heading\">Kursinhalt<\/h2>\n\n\n\n<h3 class=\"wp-block-heading\">Kurseinheit 1<\/h3>\n\n\n\n<p>Einf\u00fchrung in die &#8222;mathematische Sprache&#8220;, bzw. Wiederholung der mathematischen Notation um alle Leser auf ein bestimmtes Niveau zu bringen. Was sind Quantoren, Junktoren, Existenzaussagen, Beweise, S\u00e4tze, Propositionen, Mengen, Abbildungen, Verkn\u00fcpfungen, K\u00f6rper. Dann geht es los mit Matrizenrechnung und Definition aller m\u00f6glichen Matrizenarten, Zeilenumformungen und schlie\u00dft mit \u00c4quivalenzrelationen.<\/p>\n\n\n\n<h3 class=\"wp-block-heading\">Kurseinheit 2<\/h3>\n\n\n\n<p>Hier haben wir Spa\u00df mit Gauss, der TNF, der Eindeutigkeit der TNF, Transformationsmatrizen und R\u00e4ngen. Weiter geht es mit linearen Gleichungssystemen, L\u00f6sungsmengen und schlie\u00dft mit Vektorr\u00e4umen und deren Unterr\u00e4umen, sowie die genaue formale Definition dieser.<\/p>\n\n\n\n<h3 class=\"wp-block-heading\">Kurseinheit 3<\/h3>\n\n\n\n<p>In K3 betrachten wir Basen, Dimensionen, lineare Unabh\u00e4ngigkeit, Austauschsatz von Steinitz, Definition linearer Abbildungen, Isomorphie, lineare Vektorr\u00e4ume, Kerne und Bilder, den Rangsatz, Vektorraum Hom_K(V,W), Koordinatenvektoren, Matrizenprodukte und Kompositionen.<\/p>\n\n\n\n<h3 class=\"wp-block-heading\">Kurseinheit 4<\/h3>\n\n\n\n<p>K\u00f6rper-, Schnitt-, Ordnungsaxiome auf reellen Zahlen, Folgerungen aus diesen, p-te Wurzeln, rechnen mit konvergenten und divergenten Folgen, Grenzwerte und Prinzipien der Konvergenztheorie.<\/p>\n\n\n\n<h3 class=\"wp-block-heading\">Kurseinheit 5<\/h3>\n\n\n\n<p>Funktionen (Polynomfunktionen, rationale Funktionen, Logarithmus, allgemeine Funktionen, Exponentialfunktionen) und deren Differenzierbarkeit, sowie Regeln hierf\u00fcr. Stetigkeit (auf Intervallen, Grundlagen), Grenzwerte von Funktionen, Sin\/Cos.<\/p>\n\n\n\n<h3 class=\"wp-block-heading\">Kurseinheit 6<\/h3>\n\n\n\n<p>H\u00f6here Ableitungen, Mittelwertsatz und Folgerungen, Satz von Rolle, l&#8217;Hospital, Approximation von Funktionen (Satz von Taylor und Folgerungen, sowie Taylorpolynome). Dann Reihen mit den Konvergenzkriterien (Majoranten-, Minoranten-, Wurzel-, und Quotientenkriterium), absolute Konvergenz, Potenzreihen und Summenfunktionen. Abschlie\u00dfend trigonometrische und zyklometrische Funktionen.<\/p>\n\n\n\n<h3 class=\"wp-block-heading\">Kurseinheit 7<\/h3>\n\n\n\n<p>K7 ist die letzte Einheit und startet mit Riemann-Integral, Zusammenhang zwischen Differential- und Integralgleichung. Schlie\u00dft ab mit Aussagen- und Pr\u00e4dikatenlogik (Definition, Semantik, Normalformen, Modellierung und Beweise)<\/p>\n\n\n\n<h3 class=\"wp-block-heading\">Buchempfehlungen<\/h3>\n\n\n\n<a class=\"amazonlink\" target=\"_blank\"  href=\"https:\/\/www.amazon.de\/gp\/product\/3540774319\/ref=as_li_tl?ie=UTF8&#038;camp=1638&#038;creative=6742&#038;creativeASIN=3540774319&#038;linkCode=as2&#038;tag=fernblog09-21&#038;linkId=c02dd6c9eddb\n64e8c6ef98a4cb32d01f\"><img decoding=\"async\" width=\"150px\" src=\"https:\/\/m.media-amazon.com\/images\/I\/615QRs6uYxL._SL1253_.jpg\" alt=\"Mathematik F&uuml;r Informatiker: Band 1: Diskrete Mathematik und Lineare Algebra (eXamen.press) (German Edition)\"><\/img><\/a>\n\n<a class=\"amazonlink\" target=\"_blank\"  href=\"https:\/\/www.amazon.de\/gp\/product\/3540724516\/ref=as_li_tl?ie=UTF8&#038;camp=1638&#038;creative=6742&#038;creativeASIN=3540724516&#038;linkCode=as2&#038;tag=fernblog09-21&#038;linkId=c02dd6c9eddb\n64e8c6ef98a4cb32d01f\"><img decoding=\"async\" width=\"150px\" src=\"https:\/\/m.media-amazon.com\/images\/I\/61yEV7WL6vL._SL1254_.jpg\" alt=\"<img decoding=\"async\" width=\"150px\" src=\"PLACEHOLDER\" alt=\"Mathematik f&uuml;r Informatiker: Band 2\"><\/img>&#8222;><\/img><\/a>\n\n<a class=\"amazonlink\" target=\"_blank\"  href=\"https:\/\/www.amazon.de\/gp\/product\/3527703365\/ref=as_li_tl?ie=UTF8&#038;camp=1638&#038;creative=6742&#038;creativeASIN=3527703365&#038;linkCode=as2&#038;tag=fernblog09-21&#038;linkId=c02dd6c9eddb64e8c6ef98a4cb32d01f\"><img decoding=\"async\" width=\"150px\" src=\"https:\/\/m.media-amazon.com\/images\/I\/51y+wlz3YQL.jpg\" alt=\" Analysis f&uuml;r Dummies\"><\/img><\/a>\n\n<a class=\"amazonlink\" target=\"_blank\"  href=\"https:\/\/www.amazon.de\/gp\/product\/3834812528\/ref=as_li_tl?ie=UTF8&#038;camp=1638&#038;creative=6742&#038;creativeASIN=3834812528&#038;linkCode=as2&#038;tag=fernblog09-21&#038;linkId=c02dd6c9eddb\n64e8c6ef98a4cb32d01f\"><img decoding=\"async\" width=\"150px\" src=\"https:\/\/m.media-amazon.com\/images\/I\/61sa3okEpXL._SL1257_.jpg\" alt=\"&Uuml;bungsbuch zur Analysis 1: Aufgaben und L&ouml;sungen (Grundkurs Mathematik)\"><\/img><\/a>\n\n\n\n\n<p><\/p>\n","protected":false},"excerpt":{"rendered":"<p>Pers\u00f6nliches, subjektives Kursfazit Ich muss nat\u00fcrlich sagen, dass dieser Kurs &#8211; vor allem am Anfang des Studiums &#8211; ein sehr harter Brocken ist. Je nach Vorwissen (Abi? Leistungskurs Mathe? Einige Kommilitonen mit Mathe LK und guten, bis sehr guten Leistungen im Abi hatten ihre liebe M\u00fche mit diesem Kurs) gestaltet sich dieser entsprechend schwierig oder &hellip; <\/p>\n<p class=\"link-more\"><a href=\"https:\/\/fernuni.digreb.net\/?page_id=68\" class=\"more-link\"><span class=\"screen-reader-text\">\u201e01141 &#8211; Grundlagen Mathematik\u201c <\/span>weiterlesen<\/a><\/p>\n","protected":false},"author":2,"featured_media":0,"parent":3360,"menu_order":0,"comment_status":"open","ping_status":"open","template":"","meta":{"footnotes":""},"class_list":["post-68","page","type-page","status-publish","hentry"],"_links":{"self":[{"href":"https:\/\/fernuni.digreb.net\/index.php?rest_route=\/wp\/v2\/pages\/68","targetHints":{"allow":["GET"]}}],"collection":[{"href":"https:\/\/fernuni.digreb.net\/index.php?rest_route=\/wp\/v2\/pages"}],"about":[{"href":"https:\/\/fernuni.digreb.net\/index.php?rest_route=\/wp\/v2\/types\/page"}],"author":[{"embeddable":true,"href":"https:\/\/fernuni.digreb.net\/index.php?rest_route=\/wp\/v2\/users\/2"}],"replies":[{"embeddable":true,"href":"https:\/\/fernuni.digreb.net\/index.php?rest_route=%2Fwp%2Fv2%2Fcomments&post=68"}],"version-history":[{"count":69,"href":"https:\/\/fernuni.digreb.net\/index.php?rest_route=\/wp\/v2\/pages\/68\/revisions"}],"predecessor-version":[{"id":3426,"href":"https:\/\/fernuni.digreb.net\/index.php?rest_route=\/wp\/v2\/pages\/68\/revisions\/3426"}],"up":[{"embeddable":true,"href":"https:\/\/fernuni.digreb.net\/index.php?rest_route=\/wp\/v2\/pages\/3360"}],"wp:attachment":[{"href":"https:\/\/fernuni.digreb.net\/index.php?rest_route=%2Fwp%2Fv2%2Fmedia&parent=68"}],"curies":[{"name":"wp","href":"https:\/\/api.w.org\/{rel}","templated":true}]}}