{"id":3121,"date":"2019-05-11T15:10:23","date_gmt":"2019-05-11T13:10:23","guid":{"rendered":"https:\/\/fernuni.digreb.net\/?page_id=3121"},"modified":"2025-11-25T15:23:23","modified_gmt":"2025-11-25T14:23:23","slug":"masterarbeit","status":"publish","type":"page","link":"https:\/\/fernuni.digreb.net\/?page_id=3121","title":{"rendered":"Masterarbeit"},"content":{"rendered":"\n<div class=\"wp-block-file\"><a href=\"https:\/\/fernuni.digreb.net\/wp-content\/uploads\/2019\/05\/MSc-Thesis-Vorlage_fernuni.rar\"> <br>TeXnicCenter Template (RAR)<\/a><a href=\"https:\/\/fernuni.digreb.net\/wp-content\/uploads\/2019\/05\/MSc-Thesis-Vorlage_fernuni.rar\" class=\"wp-block-file__button\" download>Download<\/a><\/div>\n\n\n\n<p>Wie <a href=\"https:\/\/fernuni.digreb.net\/?p=3110\">hier<\/a> bereits erw\u00e4hnt, besagt die Pr\u00fcfungsordnung f\u00fcr Wirtschaftsinformatiker folgendes zum Thema Masterarbeit:<\/p>\n\n\n\n<ul class=\"wp-block-list\"><li>Seminar und Masterarbeit m\u00fcssen an der gleichen Fakult\u00e4t geschrieben werden.<\/li><li>Schreibt Ihr die Arbeit an der <strong>wirtschaftswissenschaftlichen Fakult\u00e4t: <\/strong>50 Seiten\/14.000 Worte. 6 Monate. Maximale Abweichung bei Seiten: 10%. Das vorab erfolgreich abgelegte Seminar flie\u00dft in die Abschlussnote ein.<\/li><li>Wird die Arbeit an der <strong>Fakult\u00e4t f\u00fcr Informatik  <\/strong>geschrieben, gilt:  70 Seiten. 6 Monate. Zu den geduldeten Abweichungen konnte ich nichts finden. Fachpraktikum flie\u00dft nicht in die Endnote ein.<\/li><li>Arbeit wird 4x gewichtet<\/li><li>Im Gegensatz zum Bachelor ist ein Kolloquium nicht vorgesehen. <\/li><\/ul>\n\n\n\n<p>Ich habe &#8211; nach Absprache mit dem Professor &#8211; bei den Seiten etwas \u00fcberzogen, da ich recht viele Grafiken verwendet habe. Meine Vorlage aus dem Bachelor habe ich abgewandelt und mit einigen Details erg\u00e4nzt. Da ich sehr viel Code hatte, musste ich viel an den Listings arbeiten.<\/p>\n\n\n\n<p>Einige Funktionen habe ich aus dem Abschlussarbeits-Template von Prof. Strecker und Hr. Ternes von der FernUni entnommen. Nun finde ich aber leider auf den Seiten des Lehrgebiets keine Vorlage mehr, die ich verlinken k\u00f6nnte. Wer sie noch hat, immer her damit. <\/p>\n\n\n\n<p>So sieht mein Template aus:<\/p>\n\n\n\n<figure class=\"wp-block-image\"><a href=\"https:\/\/fernuni.digreb.net\/wp-content\/uploads\/2019\/04\/thesistemplate-3.png\" target=\"_blank\" rel=\"noreferrer noopener\"><img loading=\"lazy\" decoding=\"async\" width=\"969\" height=\"1024\" src=\"https:\/\/fernuni.digreb.net\/wp-content\/uploads\/2019\/04\/thesistemplate-3-969x1024.png\" alt=\"\" class=\"wp-image-3128\" srcset=\"https:\/\/fernuni.digreb.net\/wp-content\/uploads\/2019\/04\/thesistemplate-3-969x1024.png 969w, https:\/\/fernuni.digreb.net\/wp-content\/uploads\/2019\/04\/thesistemplate-3-284x300.png 284w, https:\/\/fernuni.digreb.net\/wp-content\/uploads\/2019\/04\/thesistemplate-3-768x812.png 768w, https:\/\/fernuni.digreb.net\/wp-content\/uploads\/2019\/04\/thesistemplate-3.png 1595w\" sizes=\"auto, (max-width: 767px) 89vw, (max-width: 1000px) 54vw, (max-width: 1071px) 543px, 580px\" \/><\/a><\/figure>\n\n\n\n<p><strong>Grunds\u00e4tzlicher Aufbau<\/strong><\/p>\n\n\n\n<ul class=\"wp-block-list\"><li>Titelseite<\/li><li>Leer<\/li><li>Eidesstattliche Erkl\u00e4rung<\/li><li>Inhaltsverzeichnis<\/li><li>Abbildungsverzeichnis<\/li><li>Tabellenverzeichnis<\/li><li>Einleitung<\/li><li>Grundlagen<\/li><li>Anhang (jeder Anhang auf eigener Seite und mit Buchstaben versehen, nicht mit Ziffern)<\/li><li>Literaturverzeichnis (hier sind unterschiedliche Quellen unterschiedlich angegeben: Proceedings, B\u00fccher, Onlinequellen)<\/li><\/ul>\n\n\n\n<p><strong>Korrektur und PDF<\/strong><\/p>\n\n\n\n<p>F\u00fcr das PDF-Format nutze ich blaue Links mit folgenden Parametern im Hypersetup: <\/p>\n\n\n\n<pre class=\"wp-block-code\"><code>\\hypersetup{\n  colorlinks=true,\n  linkcolor=blue,\n  ...<\/code><\/pre>\n\n\n\n<p>F\u00fcr den Druck setze ich die auf :<\/p>\n\n\n\n<pre class=\"wp-block-code\"><code>\\hypersetup{\n  colorlinks=false,\n  linkcolor=black,\n  ...<\/code><\/pre>\n\n\n\n<p>Bei der Korrektur der ausgedruckten Arbeit, arbeite ich gerne mit doppeltem Zeilenabstand und Korrekturrand:<\/p>\n\n\n\n<pre class=\"wp-block-code\"><code>\\doublespacing\n\\geometry{\n  left=2cm,\n  right=4.5cm\n}<\/code><\/pre>\n\n\n\n<p>Die Passagen sind im Template entsprechend auskommentiert.<\/p>\n\n\n\n<p>F\u00fcr Code-Listing und farbliche Abhebung benutze ich z .B. <\/p>\n\n\n\n<pre class=\"wp-block-code\"><code>\\lstdefinelanguage{HTTP31}\n{\n\talsoletter=-,\n  % list of keywords\n\t  morekeywords={\n\t\tPOST,\n\t\tHost,\n\t\tSAMLart,\n\t\tRelayState,\n\t\tUser-Agent,\n\t\tContent-Type,\n\t\tContent-Length,\n\t\tParameter\n  },\n\tmorecomment=[s]{PHN}{dD4},\t\n  sensitive=false, % keywords are not case-sensitive\n\tcaptionpos=b,\n\tbasicstyle=\\fontsize{8}{10}\\selectfont\\ttfamily,\n\tshowstringspaces=false,\n\tnumbers=left,\n\tnumberstyle=\\tiny,\n\ttabsize=2,\n\tnumbersep=3pt,\n\textendedchars=true,\n\txleftmargin=2em,\n\tlineskip=1pt,\n\tbreaklines,\n\t%Coloring\n\tbackgroundcolor=\\color{splashedwhite},\n\tidentifierstyle=\\color{black}\\ttfamily,\n\tstringstyle=\\color{black}\\ttfamily,\n\tcommentstyle=\\color{blue}\\ttfamily\n}<\/code><\/pre>\n\n\n\n<p>Der entstandene Codeblock sieht dann wie folgt aus. Damit kann man relevante Teile farblich gut hervorheben, wie ich finde. You get the idea.<\/p>\n\n\n\n<figure class=\"wp-block-image\"><img loading=\"lazy\" decoding=\"async\" width=\"722\" height=\"188\" src=\"https:\/\/fernuni.digreb.net\/wp-content\/uploads\/2019\/05\/code.png\" alt=\"\" class=\"wp-image-3168\" srcset=\"https:\/\/fernuni.digreb.net\/wp-content\/uploads\/2019\/05\/code.png 722w, https:\/\/fernuni.digreb.net\/wp-content\/uploads\/2019\/05\/code-300x78.png 300w\" sizes=\"auto, (max-width: 722px) 100vw, 722px\" \/><\/figure>\n\n\n\n<p>Ich erhebe keinen Anspruch auf Richtigkeit und bin auch kein TeX-Spezialist. Sicher gibt es eine Vielzahl an Verbesserungsm\u00f6glichkeiten und ich nehme sie gerne auf, wenn Ihr mir eine verbesserte Version zuschickt. Vielleicht profitiert ja die Nachwelt davon.<\/p>\n\n\n\n<p>Ich w\u00fcnsche viel Erfolg bei eurem Studium.<\/p>\n","protected":false},"excerpt":{"rendered":"<p>Wie hier bereits erw\u00e4hnt, besagt die Pr\u00fcfungsordnung f\u00fcr Wirtschaftsinformatiker folgendes zum Thema Masterarbeit: Seminar und Masterarbeit m\u00fcssen an der gleichen Fakult\u00e4t geschrieben werden. Schreibt Ihr die Arbeit an der wirtschaftswissenschaftlichen Fakult\u00e4t: 50 Seiten\/14.000 Worte. 6 Monate. Maximale Abweichung bei Seiten: 10%. Das vorab erfolgreich abgelegte Seminar flie\u00dft in die Abschlussnote ein. Wird die Arbeit an &hellip; <\/p>\n<p class=\"link-more\"><a href=\"https:\/\/fernuni.digreb.net\/?page_id=3121\" class=\"more-link\"><span class=\"screen-reader-text\">\u201eMasterarbeit\u201c <\/span>weiterlesen<\/a><\/p>\n","protected":false},"author":2,"featured_media":0,"parent":3358,"menu_order":0,"comment_status":"open","ping_status":"closed","template":"","meta":{"footnotes":""},"class_list":["post-3121","page","type-page","status-publish","hentry"],"_links":{"self":[{"href":"https:\/\/fernuni.digreb.net\/index.php?rest_route=\/wp\/v2\/pages\/3121","targetHints":{"allow":["GET"]}}],"collection":[{"href":"https:\/\/fernuni.digreb.net\/index.php?rest_route=\/wp\/v2\/pages"}],"about":[{"href":"https:\/\/fernuni.digreb.net\/index.php?rest_route=\/wp\/v2\/types\/page"}],"author":[{"embeddable":true,"href":"https:\/\/fernuni.digreb.net\/index.php?rest_route=\/wp\/v2\/users\/2"}],"replies":[{"embeddable":true,"href":"https:\/\/fernuni.digreb.net\/index.php?rest_route=%2Fwp%2Fv2%2Fcomments&post=3121"}],"version-history":[{"count":7,"href":"https:\/\/fernuni.digreb.net\/index.php?rest_route=\/wp\/v2\/pages\/3121\/revisions"}],"predecessor-version":[{"id":3172,"href":"https:\/\/fernuni.digreb.net\/index.php?rest_route=\/wp\/v2\/pages\/3121\/revisions\/3172"}],"up":[{"embeddable":true,"href":"https:\/\/fernuni.digreb.net\/index.php?rest_route=\/wp\/v2\/pages\/3358"}],"wp:attachment":[{"href":"https:\/\/fernuni.digreb.net\/index.php?rest_route=%2Fwp%2Fv2%2Fmedia&parent=3121"}],"curies":[{"name":"wp","href":"https:\/\/api.w.org\/{rel}","templated":true}]}}