{"id":3119,"date":"2019-04-17T11:30:23","date_gmt":"2019-04-17T09:30:23","guid":{"rendered":"https:\/\/fernuni.digreb.net\/?page_id=3119"},"modified":"2025-11-25T15:33:02","modified_gmt":"2025-11-25T14:33:02","slug":"01527-fachpraktikum-internetsicherheit","status":"publish","type":"page","link":"https:\/\/fernuni.digreb.net\/?page_id=3119","title":{"rendered":"01527- Fachpraktikum Internetsicherheit"},"content":{"rendered":"\n<p>Nachdem ich mein <a href=\"https:\/\/fernuni.digreb.net\/?p=3089\">Seminar mit einer 5.0<\/a> abgeschlossen habe, war dieses Fachpraktikum der Retter in der Not.<\/p>\n\n\n\n<p>Die Regeln f\u00fcr den M.Sc. Wirtschaftsinformatik besagen: Masterarbeit und Seminar\/Fachpraktikum an der gleichen Fakult\u00e4t. W\u00fcrde f\u00fcr mich bedeuten, dass wenn ich das Seminar bestanden h\u00e4tte, ich die Arbeit auch bei den Wirtschaftswissenschaftlern h\u00e4tte schreiben m\u00fcssen. Und das obwohl ich bereits eine Zusage meines Professors eines Info-Lehrstuhls hatte. Aber selbst hier h\u00e4tte die FernUni mir nach etwas hin-und-her helfen k\u00f6nnen. <\/p>\n\n\n\n<p>Brauchte sie zum Gl\u00fcck nicht. Ich hab mein Seminar versemmelt und durfte eine Ehrenrunde drehen, d. h. unter dem Strich stand ein Zeitverlust von einem Semester und der Aufwand f\u00fcr die Seminararbeit. Auf der haben-Seite dann die M\u00f6glichkeit das Fachpraktikum bei den Informatikern absolvieren und meine Arbeit auch dort schreiben zu k\u00f6nnen.<\/p>\n\n\n\n<p>Zum Gl\u00fcck stellte sich heraus, dass das Fachpraktikum IT-Sicherheit (01527)  Teile meiner aktuellen Arbeit beinhaltet. So war es m\u00f6glich durch zwei Arbeitsprojekte das Themenumfeld von 01527 gut abzudecken. Der Meinung war auch Dr. Uzunkol vom Lehrstuhl. Er pr\u00fcfte meine vom Arbeitgeber abgestempelte Projektbeschreibung (5 Seiten) und das Pr\u00fcfungsamt rechnete mir das Fachpraktikum als berufspraktische Leistung an. Der Weg zur Masterarbeit war frei!<\/p>\n\n\n\n<p>Meine Empfehlung, die Leistungen aberkannt zu bekommen ist: Geht die Themen des Fachpraktikums durch und schaut, was Ihr in eurem Beruf davon schon umgesetzt habt. Nichts dazu erfinden, das f\u00e4llt auf. Mein Problem hier ist die Einbeziehung meines Arbeitgebers, denn das Studium halte ich &#8211; wie alle meine Hobbies &#8211; als Privatsache. Ich musste also abw\u00e4gen, ob ich meinen Arbeitgeber \u00fcber mein Studium in Kenntnis setze, oder nicht. Da ich kurz vor der Thesis war und keine Klausuren mehr anstanden, entschied ich mich daf\u00fcr. Kann bei euch anders aussehen. Viele Arbeitgeber unterst\u00fctzen ein Studium. <\/p>\n\n\n\n<p>Im Anschluss schreibt Ihr dann 3-5 Seiten zu dem Thema. Schaut, dass ihr das sinnvoll und sauber aufbereitet. Das Dokument wird von anderen gelesen und ihr wollte was von ihnen. Da halte ich es f\u00fcr das Mindeste, wenn man ein sauberes Dokument abliefert. <\/p>\n\n\n\n<p>Ab mit den <a href=\"https:\/\/www.fernuni-hagen.de\/imperia\/md\/content\/fakultaetfuermathematikundinformatik\/lehre\/praktika2\/merkblatt_praktika.pdf\">Infos an das Pr\u00fcfungsamt<\/a> und ab dann hei\u00dft es Daumen dr\u00fccken.<\/p>\n","protected":false},"excerpt":{"rendered":"<p>Nachdem ich mein Seminar mit einer 5.0 abgeschlossen habe, war dieses Fachpraktikum der Retter in der Not. Die Regeln f\u00fcr den M.Sc. Wirtschaftsinformatik besagen: Masterarbeit und Seminar\/Fachpraktikum an der gleichen Fakult\u00e4t. W\u00fcrde f\u00fcr mich bedeuten, dass wenn ich das Seminar bestanden h\u00e4tte, ich die Arbeit auch bei den Wirtschaftswissenschaftlern h\u00e4tte schreiben m\u00fcssen. Und das obwohl &hellip; <\/p>\n<p class=\"link-more\"><a href=\"https:\/\/fernuni.digreb.net\/?page_id=3119\" class=\"more-link\"><span class=\"screen-reader-text\">\u201e01527- Fachpraktikum Internetsicherheit\u201c <\/span>weiterlesen<\/a><\/p>\n","protected":false},"author":2,"featured_media":0,"parent":3358,"menu_order":0,"comment_status":"closed","ping_status":"closed","template":"","meta":{"footnotes":""},"class_list":["post-3119","page","type-page","status-publish","hentry"],"_links":{"self":[{"href":"https:\/\/fernuni.digreb.net\/index.php?rest_route=\/wp\/v2\/pages\/3119","targetHints":{"allow":["GET"]}}],"collection":[{"href":"https:\/\/fernuni.digreb.net\/index.php?rest_route=\/wp\/v2\/pages"}],"about":[{"href":"https:\/\/fernuni.digreb.net\/index.php?rest_route=\/wp\/v2\/types\/page"}],"author":[{"embeddable":true,"href":"https:\/\/fernuni.digreb.net\/index.php?rest_route=\/wp\/v2\/users\/2"}],"replies":[{"embeddable":true,"href":"https:\/\/fernuni.digreb.net\/index.php?rest_route=%2Fwp%2Fv2%2Fcomments&post=3119"}],"version-history":[{"count":2,"href":"https:\/\/fernuni.digreb.net\/index.php?rest_route=\/wp\/v2\/pages\/3119\/revisions"}],"predecessor-version":[{"id":3372,"href":"https:\/\/fernuni.digreb.net\/index.php?rest_route=\/wp\/v2\/pages\/3119\/revisions\/3372"}],"up":[{"embeddable":true,"href":"https:\/\/fernuni.digreb.net\/index.php?rest_route=\/wp\/v2\/pages\/3358"}],"wp:attachment":[{"href":"https:\/\/fernuni.digreb.net\/index.php?rest_route=%2Fwp%2Fv2%2Fmedia&parent=3119"}],"curies":[{"name":"wp","href":"https:\/\/api.w.org\/{rel}","templated":true}]}}