{"id":2837,"date":"2016-11-30T09:47:42","date_gmt":"2016-11-30T07:47:42","guid":{"rendered":"http:\/\/fernuni.digreb.net\/?page_id=2837"},"modified":"2025-11-25T15:21:42","modified_gmt":"2025-11-25T14:21:42","slug":"42190-business-it-alignment","status":"publish","type":"page","link":"https:\/\/fernuni.digreb.net\/?page_id=2837","title":{"rendered":"42190 &#8211; Business \/ IT-Alignment"},"content":{"rendered":"<h1>Kursbeschreibung<\/h1>\n<p>42190 ist wieder mal ein typischer Baum\u00f6l-Kurs. 300 Seiten Text, unterteilt in 4 Kurseinheiten. Nicht zuviel Gendering im Skript, aber sehr viel Text und\u00a0mitunter f\u00e4llt es schwer zu unterscheiden, was relevant und was nicht relevant ist. Tats\u00e4chlich k\u00f6nnte wirklich alles (klausur-)relevant sein.<\/p>\n<p>Was mir pers\u00f6nlich nicht gefallen hat waren z. B. Definitionen\u00a0im Skript: zun\u00e4chst werden <strong>9<\/strong> (!)\u00a0verschiedene Definitionen von &#8222;Business \/ IT-Alignment&#8220; genannt (&#8222;<em>In der Literatur finden sich vielf\u00e4ltige Definitionen &#8230;<\/em>&#8222;), die \u00a0insgesamt ca. 2 Seiten im Skript einnehmen. Anschlie\u00dfend folgt ein &#8222;<em>Aber in diesem Kurs haben wir uns f\u00fcr folgende Definition entschieden &#8230;<\/em>&#8222;. So hat man quasi die 9 Definitionen davor durch Mantra-artiges auswendig lernen\u00a0unn\u00f6tig ins Langzeitged\u00e4chtnis verschoben. Das wiederholt sich im Skript an\u00a0vielen Stellen und bringt einen irgendwann dazu an den vorhergehenden Definitionen vor dem umrahmten Hauptk\u00e4stchen einfach vorbeizuscrollen. Ich halte die Beleuchtung von Definitionen von unterschiedlichen Seiten f\u00fcr Semesterarbeiten oder Thesen ganz sinnvoll, da man so ein bisschen \u00fcber den Tellerrand blicken kann. Aber\u00a0f\u00fcr ein Kursskript finde ich das doch etwas zu redundant.\u00a0Ich kann mir aber vorstellen, dass das daran liegt, weil ich den Bachelor in Informatik gemacht habe und in den Informatik-Kursen keine 9 unterschiedliche Auffassungen\u00a0davon zu finden waren, was der Stetigkeitssatz ist.\u00a0Wahrscheinlich weil der Stetigkeitssatz auch in\u00a0Timbuktu der Stetigkeitssatz ist. Oder wie mein Gro\u00dfvater zu sagen pflegte &#8222;Mathematik\u00a0ist auch in Afrika Mathematik&#8220;.<\/p>\n<p>Aber genug der Kritik. Ohne den &#8222;Informatik-Bias&#8220; liest sich der Kurs angenehm, da habe ich schon weitaus <a href=\"https:\/\/fernuni.digreb.net\/?page_id=2802\">schlimmeres<\/a> gelesen. Ob ich ihn empfehlen kann?\u00a0Wer viel und gerne auswendig lernt und auch ein photographisches Ged\u00e4chtnis f\u00fcr die vielen Bilder hat, der sollte mit dem Kurs keine Probleme haben. Sch\u00f6n sind die \u00dcbungsaufgaben (und ihre L\u00f6sungen am Ende der KE), die formulierten Lernziele und dass man endlich wieder PDF und Print bekommt.<\/p>\n<p>Wie in vielen anderen Kursen aus den Wirtschaftswissenschaften gilt hier auch: wortw\u00f6rtlich auswendig lernen ist trumpf. Eigene Worte in Einsendearbeiten\u00a0oder Klausuren f\u00fchren zum Punkteabzug. 2 Tage Arbeit an den Einsendeaufgaben, um die Fragestellung in eigenen Worten zu beantworten wurden mit einer 55% belohnt, eine Stunde striktes Copy &amp; Paste aus dem Skript mit Verweis auf Kurseinheit und Seitenzahl unterhalb des Textblocks mit 90%. Aber vielleicht waren meine Worte auch falsch.<\/p>\n<p>Einen weiteren Wermutstropfen habe ich fast vergessen: Zu der Korrektur einer EA hatte ich eine fachliche Frage und habe die Kursbetreuung angeschrieben. Keine Antwort. Dann eine Mail an die Betreuung der Einsendeaufgaben. Keine Antwort. Jemand direkt vom Lehrstuhl? Abwesenheitsnachricht mit neuer Adresse. Bei dieser gab es dann &#8211; ihr ahnt es schon &#8211; ebenfalls keine Antwort. Immer mit der Bitte doch die Mail an den entsprechenden Ansprechpartner weiterzuleiten, sollte ich mich im Adressaten geirrt haben. Also insg. 4 Mails an Leute aus dem Lehrstuhl.\u00a0Die erste Mail ging am 15. August raus, wir haben mittlerweile Dezember. Die Pr\u00fcfung ist l\u00e4ngst um, die Korrekturen auch. Nur die Antwort vom Lehrstuhl auf eine einfache Frage l\u00e4sst auf sich warten. Nicht, dass ich jetzt noch\u00a0gesteigerten Wert drauf lege.<\/p>\n<h1>Pr\u00fcfung<\/h1>\n<p>Wer die Einsendearbeiten und die Altklausuren auswendig kann, darf mit 50% rechnen.\u00a0Der die \u00dcbungsaufgaben auch noch frei als Gedicht vortragen kann mit weiteren 10-20%. Hier ist der Lehrstuhl recht fair, was die Vorbereitung angeht. F\u00fcr eine gute Note braucht es jedoch deutlich mehr.<\/p>\n<p>Die Durchschnittsnote der letzten Klausur war 3,1 mit\u00a0keiner einzigen 1,0 und nur einer 1,3. Die Durchfallquote lag\u00a0jedoch nur bei 14%. Entweder lernt die Mehrzahl auf 4 gewinnt oder\u00a0der Kurs ist\u00a0entsprechend konzipiert &#8211; nach dem Motto &#8222;easy to learn, hard to master&#8220;.<\/p>\n<p>Ansonsten sagen\u00a0einige Zitate mehr als tausend Worte (mir ist die fehlende Koh\u00e4renz\u00a0des Satzes vollends bewusst ;-))<\/p>\n<blockquote><p>&#8222;Bei dem Lehrstuhl war es schon beim Bachelor ein Gl\u00fccksspiel, wenn du genau die richtigen Themen auswendig kannst &#8211; Perfekt, ansonsten hast du ein Problem&#8230;&#8220;<\/p>\n<p>&#8222;Vorbereitung ist schwierig, da jede Fu\u00dfnote pl\u00f6tzlich relevant sein k\u00f6nnte, man muss die MC-Aufgaben draufhaben und dann hoffen, das man den Rest auch angeschaut hat, aus Mangel an Modulen musste ich das belegen und freue mich richtig auf die Klausur&#8230;&#8220;<\/p><\/blockquote>\n<p>Quelle: Foren des <a href=\"https:\/\/www.studienservice.de\/thema\/75675\/\">Studienservice<\/a>.<\/p>\n<p>Macht euch da ein eigenes Bild.<\/p>\n<h1>Literaturempfehlung<\/h1>\n<p>Keine. Skript reicht aus.<\/p>\n<h1>Kursinhalt<\/h1>\n<ul>\n<li><strong>Kurseinheit 1<\/strong>:\u00a0Wie immer bei Baum\u00f6l ist die erste KE nur Einf\u00fchrung und Begriffsdefinitionen.<\/li>\n<li><strong>Kurseinheit 2<\/strong>: Modelle und Methoden.<\/li>\n<li><strong>Kurseinheit 3<\/strong>: Organisationale Ver\u00e4nderungsprozesse, Ver\u00e4nderungsmanagement, Situative Methodenkonstruktion.<\/li>\n<li><strong>Kurseinheit 4<\/strong>:\u00a0Wirtschaftlichkeits- und Komplexit\u00e4tssteuerung, Komplexit\u00e4tscontrolling.<\/li>\n<\/ul>\n<p>Lasst euch nicht von dem kurzen Anriss der Themengebiete einlullen. Alles geht auf eine\u00a0Mikroebene runter, die\u00a0einen schon ganz sch\u00f6n schwitzen l\u00e4sst.<\/p>\n<p>&nbsp;<\/p>\n","protected":false},"excerpt":{"rendered":"<p>Kursbeschreibung 42190 ist wieder mal ein typischer Baum\u00f6l-Kurs. 300 Seiten Text, unterteilt in 4 Kurseinheiten. Nicht zuviel Gendering im Skript, aber sehr viel Text und\u00a0mitunter f\u00e4llt es schwer zu unterscheiden, was relevant und was nicht relevant ist. Tats\u00e4chlich k\u00f6nnte wirklich alles (klausur-)relevant sein. Was mir pers\u00f6nlich nicht gefallen hat waren z. B. Definitionen\u00a0im Skript: zun\u00e4chst &hellip; <\/p>\n<p class=\"link-more\"><a href=\"https:\/\/fernuni.digreb.net\/?page_id=2837\" class=\"more-link\"><span class=\"screen-reader-text\">\u201e42190 &#8211; Business \/ IT-Alignment\u201c <\/span>weiterlesen<\/a><\/p>\n","protected":false},"author":2,"featured_media":0,"parent":3358,"menu_order":0,"comment_status":"open","ping_status":"open","template":"","meta":{"footnotes":""},"class_list":["post-2837","page","type-page","status-publish","hentry"],"_links":{"self":[{"href":"https:\/\/fernuni.digreb.net\/index.php?rest_route=\/wp\/v2\/pages\/2837","targetHints":{"allow":["GET"]}}],"collection":[{"href":"https:\/\/fernuni.digreb.net\/index.php?rest_route=\/wp\/v2\/pages"}],"about":[{"href":"https:\/\/fernuni.digreb.net\/index.php?rest_route=\/wp\/v2\/types\/page"}],"author":[{"embeddable":true,"href":"https:\/\/fernuni.digreb.net\/index.php?rest_route=\/wp\/v2\/users\/2"}],"replies":[{"embeddable":true,"href":"https:\/\/fernuni.digreb.net\/index.php?rest_route=%2Fwp%2Fv2%2Fcomments&post=2837"}],"version-history":[{"count":5,"href":"https:\/\/fernuni.digreb.net\/index.php?rest_route=\/wp\/v2\/pages\/2837\/revisions"}],"predecessor-version":[{"id":2843,"href":"https:\/\/fernuni.digreb.net\/index.php?rest_route=\/wp\/v2\/pages\/2837\/revisions\/2843"}],"up":[{"embeddable":true,"href":"https:\/\/fernuni.digreb.net\/index.php?rest_route=\/wp\/v2\/pages\/3358"}],"wp:attachment":[{"href":"https:\/\/fernuni.digreb.net\/index.php?rest_route=%2Fwp%2Fv2%2Fmedia&parent=2837"}],"curies":[{"name":"wp","href":"https:\/\/api.w.org\/{rel}","templated":true}]}}