{"id":2824,"date":"2016-05-04T21:55:08","date_gmt":"2016-05-04T19:55:08","guid":{"rendered":"http:\/\/fernuni.digreb.net\/?page_id=2824"},"modified":"2025-11-25T15:21:42","modified_gmt":"2025-11-25T14:21:42","slug":"21811-01867-safety-security","status":"publish","type":"page","link":"https:\/\/fernuni.digreb.net\/?page_id=2824","title":{"rendered":"21811 \/ 01867 &#8211; Safety &#038; Security"},"content":{"rendered":"<h2>Kursfazit<\/h2>\n<p style=\"padding-left: 30px;\"><strong>Stand:<\/strong> WS 15 \/ 16<\/p>\n<p>Super Kurs. Er besteht aus zwei Teilen: Sicherheit im Internet II und Fehlertoleranz in Computersystemen mit insgesamt ca. 280 Seiten Lesestoff.<\/p>\n<p>Ich hatte den Kurs im Vorsemester belegt, ihn in Papierform zugesandt bekommen und erst im Folgesemester bearbeiten k\u00f6nnen. Als Wiederholer bekommt man jedoch nicht noch einmal die Papierversion zugesandt, so dass ich mich irgendwann\u00a0auf einer Seite im Skript wiederfand, die es im PDF nicht mehr gab. Ganze Abschnitte sind gestrichen und das Skript verschlankt worden. Solltet Ihr den Kurs also ebenfalls als Wiederholer belegt haben,\u00a0lernt bitte mit der PDF-Version, statt mit dem Papierskript auf eurem Schreibtisch. Oder gleicht sie wenigstens vorher mal\u00a0ab.<\/p>\n<p>Das Kurs ist sehr gut geschrieben, nicht genderifiziert, der Inhalt ist relevant und besitzt auch in 2016 seine G\u00fcltigkeit. \u00dcberspringt Quadratic Sieve, Hammincodes oder CRC-Polynome nicht. Diese werden gerne auch manchmal als Rechenaufgabe in der Klausur gestellt.<\/p>\n<p><strong>Fehlertoleranz in Computersystemen<\/strong> besteht aus folgenden Inhalten<\/p>\n<ol>\n<li>Prinzipien der Fehlertoleranz<\/li>\n<li>Klassifikation der Fehler<\/li>\n<li>Konzepte der Redundanz<\/li>\n<li>Anforderung an moderne Systeme<\/li>\n<li>Wahrscheinlichkeiten und Fehleranalyse (viel Theorie)<\/li>\n<li>Wahrscheinlichkeitsrechnung<\/li>\n<li>Kombinatorik und Unabh\u00e4ngigkeit<\/li>\n<li>Weitere Methoden der Fehleranalyse<\/li>\n<li>Fehlererkennung und Korrektur<\/li>\n<li>Hammingabstand und -codierung<\/li>\n<li>Parit\u00e4tscodierung<\/li>\n<li>Zyklische Redundanzpr\u00fcfung CRC und Fehlerpolynome<\/li>\n<li>RAID<\/li>\n<li>Protokollbasierte Fehlertoleranz und 2 Armeen Problem<\/li>\n<li>Fehlertoleranz in OSI Schichten 1-7<\/li>\n<li>Byazantische Gener\u00e4le<\/li>\n<\/ol>\n<p><strong>Sicherheit im Internet<\/strong><\/p>\n<ol>\n<li>Angriffe auf Netze \/ Spoofing \/ Sniffing<\/li>\n<li>Buffer Overflows, W\u00f6rterbuchangriffe, &#8230;<\/li>\n<li>Werkzeuge<\/li>\n<li>Angriffe auf Verschl\u00fcsselungen (lineare und differentielle Kryptoanalyse)<\/li>\n<li>Faktorisierung und Quadratic Sieve<\/li>\n<li>E-Commerce und Bezahlverfahren<\/li>\n<li>Bitcoins<\/li>\n<li>Gesetzliche Rahmenbedingungen<\/li>\n<li>VPNs auf L2 und L3<\/li>\n<li>Intrusion Detection Systems (IDS) &#8211; Host und Network based<\/li>\n<li>CERT<\/li>\n<li>Entwurf sicherer Systeme<\/li>\n<li>API Abuse, Time and State, Code Quality, Error Handling<\/li>\n<li>Sicherheitsanalyse und sicheres Design<\/li>\n<li>Sichere Implementierungsmethoden<\/li>\n<li>Tests und Betrieb<\/li>\n<\/ol>\n<p>Das ist ein grober\u00a0\u00dcberblick \u00fcber das Inhaltsverzeichnis des Kurses. Er ist aufgeteilt auf zwei Semester, aber ist auch in einem durchaus machbar, wenn man etwas Zeit investiert.<\/p>\n<h2>Korrektur der Einsendeaufgaben<\/h2>\n<p>Herr Dr. Biella &#8211; vielleicht bald Prof. Dr. Biella\u00a0&#8211; k\u00fcmmert sich hervorragend um den Kurs, die Einsendeaufgaben und die Klausur. Ganz, ganz selten habe ich eine so gute Betreuung, Korrektur und schnelle Antworten auf Mails erhalten, wie von\u00a0Hr. Dr. Biella.\u00a0Die Korrektur der Einsendeaufgaben ist streng, aber gerecht und durchaus umfangreich. Ich empfehle\u00a0in jedem Fall die Einsendeaufgaben zu machen.<\/p>\n<h2>Lernmaterialien<\/h2>\n<p>Hier habe ich Lernkarten au\u00dfen vor gelassen, sondern nur mit Mindmaps gelernt. Liegt aber prim\u00e4r an dem Umstand, dass ich mich schon l\u00e4nger mit dem Thema auseinandergesetzt habe. W\u00fcrde ich das n\u00e4chste Mal anders lernen?\u00a0Nein. Am Ende jeder Kurseinheit stehen die Lernziele, die man in jedem Fall verinnerlicht haben sollte.<\/p>\n<h2>Pr\u00fcfungsfazit<\/h2>\n<p>Faire, aber durchaus anspruchsvolle Klausur. Im WS15 war der Schnitt sehr schlecht. Mehrere F\u00fcnfen zogen den Schnitt runter.\u00a0Beste Note war eine 1,7. Die Bewertung war aber ebenfalls\u00a0sehr\u00a0wohlwollend. Auf die akademische Korrektheit sollte man aber dennoch\u00a0achten und nicht schluderig werden.<\/p>\n<p>Hier kann ich aber einen Tipp geben: lest die Aufgabe genau. Wenn dort steht &#8222;<em>Beschreiben Sie XYZ. Wie\u00a0wird bei XYZ dies gemacht? Wie\u00a0wird jenes gemacht?<\/em>&#8220; dann fokussiert euch nicht auf die letzten beiden Nebenfragen, sondern <strong>beschreibt<\/strong> XYZ zun\u00e4chst auch! Selbst\u00a0wenn ihr meint die Beschreibung geht aus der Beantwortung der beiden Fragen doch hervor. Daf\u00fcr gibt es Punkteabz\u00fcge.<\/p>\n<p>Wird ebenso nach einer Formel gefragt, wie z. B.\u00a0&#8222;<em>Nennen Sie die Formel f\u00fcr<\/em> $$F(G)$$&#8220;, so ist die Antwort nicht $$A \\vee B \\vee C$$, sondern\u00a0$$F(G)=A \\vee B \\vee C$$. Sonst auch hier Punkteabzug.<\/p>\n<p>&nbsp;<\/p>\n","protected":false},"excerpt":{"rendered":"<p>Kursfazit Stand: WS 15 \/ 16 Super Kurs. Er besteht aus zwei Teilen: Sicherheit im Internet II und Fehlertoleranz in Computersystemen mit insgesamt ca. 280 Seiten Lesestoff. Ich hatte den Kurs im Vorsemester belegt, ihn in Papierform zugesandt bekommen und erst im Folgesemester bearbeiten k\u00f6nnen. Als Wiederholer bekommt man jedoch nicht noch einmal die Papierversion &hellip; <\/p>\n<p class=\"link-more\"><a href=\"https:\/\/fernuni.digreb.net\/?page_id=2824\" class=\"more-link\"><span class=\"screen-reader-text\">\u201e21811 \/ 01867 &#8211; Safety &#038; Security\u201c <\/span>weiterlesen<\/a><\/p>\n","protected":false},"author":2,"featured_media":0,"parent":3358,"menu_order":0,"comment_status":"open","ping_status":"open","template":"","meta":{"footnotes":""},"class_list":["post-2824","page","type-page","status-publish","hentry"],"_links":{"self":[{"href":"https:\/\/fernuni.digreb.net\/index.php?rest_route=\/wp\/v2\/pages\/2824","targetHints":{"allow":["GET"]}}],"collection":[{"href":"https:\/\/fernuni.digreb.net\/index.php?rest_route=\/wp\/v2\/pages"}],"about":[{"href":"https:\/\/fernuni.digreb.net\/index.php?rest_route=\/wp\/v2\/types\/page"}],"author":[{"embeddable":true,"href":"https:\/\/fernuni.digreb.net\/index.php?rest_route=\/wp\/v2\/users\/2"}],"replies":[{"embeddable":true,"href":"https:\/\/fernuni.digreb.net\/index.php?rest_route=%2Fwp%2Fv2%2Fcomments&post=2824"}],"version-history":[{"count":6,"href":"https:\/\/fernuni.digreb.net\/index.php?rest_route=\/wp\/v2\/pages\/2824\/revisions"}],"predecessor-version":[{"id":2830,"href":"https:\/\/fernuni.digreb.net\/index.php?rest_route=\/wp\/v2\/pages\/2824\/revisions\/2830"}],"up":[{"embeddable":true,"href":"https:\/\/fernuni.digreb.net\/index.php?rest_route=\/wp\/v2\/pages\/3358"}],"wp:attachment":[{"href":"https:\/\/fernuni.digreb.net\/index.php?rest_route=%2Fwp%2Fv2%2Fmedia&parent=2824"}],"curies":[{"name":"wp","href":"https:\/\/api.w.org\/{rel}","templated":true}]}}