{"id":2802,"date":"2016-05-04T17:47:06","date_gmt":"2016-05-04T15:47:06","guid":{"rendered":"http:\/\/fernuni.digreb.net\/?page_id=2802"},"modified":"2025-11-25T15:21:42","modified_gmt":"2025-11-25T14:21:42","slug":"32321-01870-informationsvisualisierung-im-internet","status":"publish","type":"page","link":"https:\/\/fernuni.digreb.net\/?page_id=2802","title":{"rendered":"32321 \/ 01870 &#8211; Informationsvisualisierung im Internet"},"content":{"rendered":"<h2>Kursfazit<\/h2>\n<p style=\"padding-left: 30px;\"><strong>Stand:<\/strong> WS 15 \/ 16 &#8211; Kurs wird demn\u00e4chst grundlegend \u00fcberarbeitet!<\/p>\n<p>Die 380 Seiten\u00a0lesen\u00a0sich\u00a0wie\u00a0ein Konglomerat\u00a0an Einzelarbeiten. Stand der Technik ist\u00a0ca. 1990 &#8211; 2000. W\u00e4hrend die ein oder anderen Grundlagen, wie z. B. kognitive Leistungsmerkmale oder Zeitschranken der Wahrnehmung physiologisch bedingt immer relevant sind, sind andere Dinge\u00a0schon l\u00e4ngst \u00fcberholt und haben auch keinen nostalgischen Wert, den man f\u00fcr die Vermittlung von Grundlagen heranziehen k\u00f6nnte. 3\u00a0von 7\u00a0Kurseinheiten besch\u00e4ftigen sich mit\u00a0VRML, w\u00e4hrend X3D als Nachfolger von VRML &#8211; obwohl auch schon 12 Jahre alt &#8211; kaum behandelt wird. WebGL wird mit keinem Wort erw\u00e4hnt.<\/p>\n<p>Daf\u00fcr gibt es 15 Seiten zum Thema Kennzahlen im Rahmen der Evaluationsmethoden, die weder in den Selbsttest- noch in\u00a0den Einsendeaufgaben behandelt werden und auch nie Klausurthema waren. Abgefragt wurde hingegen das Thema <strong>\u00c4nderungsblindheit<\/strong>, zu dem im Skript genau 10 Zeilen Text\u00a0stehen.\u00a0Gleiches gilt f\u00fcr die drei zeitabh\u00e4ngigen Stufen der Wahrnehmung und Verarbeitung. Beide Themen bilden drei Abs\u00e4tze \u00fcber\u00a0eine halbe Seite im 380-Seitigen Skript und waren zusammen, soweit ich mich erinnere, in einer Klausur insgesamt 6 oder 8 von 100 Punkten wert.<\/p>\n<p>\u00c4hnliches gilt f\u00fcr das\u00a0Thema <strong>Expressivit\u00e4t und Effektivit\u00e4t<\/strong>. Im Skript sind beide Ma\u00dfeinheiten\u00a0in einem einzigen\u00a0Satz beschrieben, der in der Klausur abgefragt wird. Was dann folgt sind mathematische Formeln. Gleiches Spiel bei der\u00a0perspektivischen Wand:<\/p>\n<p><a href=\"https:\/\/fernuni.digreb.net\/wp-content\/uploads\/2016\/03\/infovis_formel.png\"><img loading=\"lazy\" decoding=\"async\" class=\"aligncenter wp-image-2803\" src=\"https:\/\/fernuni.digreb.net\/wp-content\/uploads\/2016\/03\/infovis_formel.png\" alt=\"\" width=\"513\" height=\"54\" srcset=\"https:\/\/fernuni.digreb.net\/wp-content\/uploads\/2016\/03\/infovis_formel.png 532w, https:\/\/fernuni.digreb.net\/wp-content\/uploads\/2016\/03\/infovis_formel-300x32.png 300w\" sizes=\"auto, (max-width: 513px) 100vw, 513px\" \/><\/a><\/p>\n<p>Auch bei dem <strong>hyperbolischen Browser<\/strong> wird f\u00fcr die Platzierung der Kinder in den Subkreissegmenten eine Formel verwendet.<a href=\"https:\/\/fernuni.digreb.net\/wp-content\/uploads\/2016\/03\/infovis_formel2.png\"><img loading=\"lazy\" decoding=\"async\" class=\"aligncenter wp-image-2804 size-medium\" src=\"https:\/\/fernuni.digreb.net\/wp-content\/uploads\/2016\/03\/infovis_formel2-300x69.png\" alt=\"infovis_formel2\" width=\"300\" height=\"69\" srcset=\"https:\/\/fernuni.digreb.net\/wp-content\/uploads\/2016\/03\/infovis_formel2-300x69.png 300w, https:\/\/fernuni.digreb.net\/wp-content\/uploads\/2016\/03\/infovis_formel2.png 354w\" sizes=\"auto, (max-width: 300px) 100vw, 300px\" \/><\/a><\/p>\n<p>Dann einige Seiten sp\u00e4ter \u00fcber 10 Seiten Formeln f\u00fcr die <strong>DOI<\/strong> (Degree of Interest)-Berechnung f\u00fcr Fokus und Kontext-Visualisierungen.<\/p>\n<p>Hier\u00a0stellt sich die Frage der akuten Relevanz? Wenn ich mir bei\u00a0380 Seiten Skript den 15-Seitigen Abschnitt \u00fcber Kennzahlen nicht zu merken brauche, ein halbseitiger Abschnitt und ein Satz mitten im Skript aber als relevant genug f\u00fcr knapp 8% der Klausurpunkte erachtet werden, fragt man\u00a0sich\u00a0nat\u00fcrlich wie viel Zeit man\u00a0in die Durchdringung\u00a0der Formel stecken muss.\u00a0Reicht das grobe Verst\u00e4ndnis oder muss ich Platzierung und\u00a0Perspektive am Ende ausrechnen k\u00f6nnen?<\/p>\n<h2>Korrektur der Einsendeaufgaben<\/h2>\n<p>Die Einsendeaufgaben werden\u00a0leicht zeitversetzt gestellt.\u00a0EA2 fragt in 3 von 6 Aufgaben Spezifika\u00a0aus Kurseinheit 1 ab. In Einsendeaufgaben werden neue Begriffe definiert,\u00a0die im\u00a0Skript nicht erw\u00e4hnt wurden (Kategorisierung der Mensch Computer Schnittstellen nach\u00a0Card), d. h. Zusatzliteratur.<\/p>\n<p>Die <strong>Korrekturen\u00a0der EAs<\/strong>\u00a0fallen sehr knapp aus. In der Korrektur steht oft nur die erreichte Punktzahl f\u00fcr die Aufgabe ohne jegliche Erl\u00e4uterung, was hier falsch war und warum Punkte abgezogen wurden. Weiterhin werden Erl\u00e4uterungen verlangt, die im Aufgabentext der EA nicht abgefragt\u00a0wurden.<\/p>\n<blockquote><p><strong>Beispiel EA2<\/strong><\/p>\n<p><strong>Frage:<\/strong> Welche der beiden Darstellungsarten wird von Bertin wohl favorisiert?<\/p>\n<p><strong>Antwort<\/strong>: Bertin favorisiert die &#8222;Seeing Map&#8220;<\/p>\n<p><strong>Korrektur<\/strong>: Warum? <span style=\"color: #ff0000;\">0 Punkte<\/span>.<\/p><\/blockquote>\n<p><del><\/del> Es w\u00e4re hilfreich etwas mehr Hinweise in der Korrektur zu bekommen. Ich kann aber verstehen, dass auch bei diesem Lehrstuhl &#8222;Land unter&#8220; ist. Die wenigen Mitarbeiter\u00a0betreuen\u00a0Bachelor- und Masterarbeiten, k\u00fcmmern sich um das Skript und die Klausur, sowie die Korrektur der EA. Ein Mitarbeiter mehr w\u00fcrde dem Lehrstuhl hier sicherlich sehr gut tun.<\/p>\n<h2>Overhead f\u00fcr Entwicklungsumgebung<\/h2>\n<p>Wie bereits erw\u00e4hnt befassen sich 3 ganze Kurseinheiten und Einsendeaufgaben mit der Programmierung in VRML. L\u00f6sungen sind zu programmieren und einzusenden. Der Overhead f\u00fcr die Einrichtung der <strong>Entwicklungsumgebung<\/strong> war in meinem Fall so immens (veraltete Links zu den Editoren, fehlende Alternativen, ein Browser-Plugin l\u00e4sst sich unter Windows 10 nicht installieren, etc.), dass ich Einsendeaufgaben f\u00fcr 3 KE\u00a0gar nicht erst gemacht habe. Gro\u00dfer\u00a0Aufwand mit Programmieraufgaben in einer veralteten Technologie wie VRML \u00fcber drei ganze\u00a0Kurseinheiten.<\/p>\n<h2>Fazit<\/h2>\n<p>Der subjektiv\u00a0fehlende roten Faden im Skript f\u00fchrt zu einem leichten Unbehagen w\u00e4hrend der Bearbeitung von Selbsttest-, Einsende- und Klausuraufgaben. Man hat unabh\u00e4ngig vom Lernaufwand nie das Gef\u00fchl, dass man den Kurs beherrscht. Paradebeispiel w\u00e4re hier die <a href=\"https:\/\/fernuni.digreb.net\/?page_id=95\">algorithmische Mathematik<\/a> aus dem Bachelor-Studium: Wenn die EAs bestanden wurden und man den Skriptinhalt verinnerlicht hat, kann einem\u00a0bei der 150%-Klausur praktisch nichts\u00a0passieren. In den Korrekturen finden sich Erl\u00e4uterungen\u00a0und die\u00a0Didaktik des Skripts durchweg auf hohem Niveau.<\/p>\n<p>Ob ich den Kurs empfehlen kann? In seiner bestehenden Form eher nicht.\u00a0Aber das Skript\u00a0erf\u00e4hrt demn\u00e4chst eine vollst\u00e4ndige \u00dcberarbeitung. Spricht\u00a0meinem &#8211; wie immer sehr subjektiven &#8211; Fazit also bitte zu viel Gewicht zu.<\/p>\n<h2>Kursinhalt<\/h2>\n<ul>\n<li><strong>KE 1<\/strong>: Referenzmodell mit Datentransformation, Mapping, Sicht.\u00a0Wahrnehmung und\u00a0Kognition, Interaktionstechniken<\/li>\n<li><strong>KE 2<\/strong>: Text in 1D, 2D, 3D, 3D + Zeit, Grafik in 2D und 3D, Visualisierung von mehr als 3 Dimensionen, Visualisierung von Baumstrukturen<\/li>\n<li><strong>KE 3<\/strong>: Transformationsfunktionen, Fokus und Kontext, Netzwerkvisualisierung, dynamische Anfragen<\/li>\n<li><strong>KE 4<\/strong>: Evaluationstechniken und Evaluationsmodelle, Kennzahlen, Rahmenwerk, Beispiele<\/li>\n<li><strong>KE 5<\/strong>: VRML und andere Techniken<\/li>\n<li><strong>KE 6<\/strong>: IVIS-Architekturen, COM, ActiveX, X3D, VRML im Detail, Beispiele und Umsetzung IVIS-Modell<\/li>\n<li><strong>KE 7<\/strong>: Entwicklung f\u00fcr EAI und CAI.<\/li>\n<\/ul>\n<h2>Lernmaterialien<\/h2>\n<p>F\u00fcr mich war das wieder ein typischer Kurs f\u00fcr Mindmaps und Lernkarten. Jeweils eine Mindmap pro Kurseinheit\u00a0m\u00fcndeten sp\u00e4ter inkl. der auf der Fachschaft publizierten Klausur in 215 Lernkarten. W\u00fcrde ich in\u00a0der Retrospektive anders lernen? Nein. Leider kann ich euch die Lernkarten aufgrund des Urheberrechts nicht zur Verf\u00fcgung stellen, da sie sehr viele Bilder aus dem Skript enthalten.<\/p>\n<p>Aber wie gesagt: Achtung, der Kurs wird grundlegend \u00fcberarbeitet. Es werden\u00a0h\u00f6chstwahrscheinlich\u00a0nur noch m\u00fcndliche Pr\u00fcfungen angeboten. Die Lernmethode ist hier dann sowieso eine andere.<\/p>\n<h2>Pr\u00fcfungsfazit<\/h2>\n<p>Durch die\u00a0anstehende \u00dcberarbeitung\u00a0war die Klausur in WS 15 \/ 16 wohl die letzte ihrer Art. Wenn jemand irgendwann die neue Version mal belegt hat und ein paar Worte loswerden m\u00f6chte, freue ich mich \u00fcber einen Kommentar.<\/p>\n<p>&nbsp;<\/p>\n","protected":false},"excerpt":{"rendered":"<p>Kursfazit Stand: WS 15 \/ 16 &#8211; Kurs wird demn\u00e4chst grundlegend \u00fcberarbeitet! Die 380 Seiten\u00a0lesen\u00a0sich\u00a0wie\u00a0ein Konglomerat\u00a0an Einzelarbeiten. Stand der Technik ist\u00a0ca. 1990 &#8211; 2000. W\u00e4hrend die ein oder anderen Grundlagen, wie z. B. kognitive Leistungsmerkmale oder Zeitschranken der Wahrnehmung physiologisch bedingt immer relevant sind, sind andere Dinge\u00a0schon l\u00e4ngst \u00fcberholt und haben auch keinen nostalgischen Wert, &hellip; <\/p>\n<p class=\"link-more\"><a href=\"https:\/\/fernuni.digreb.net\/?page_id=2802\" class=\"more-link\"><span class=\"screen-reader-text\">\u201e32321 \/ 01870 &#8211; Informationsvisualisierung im Internet\u201c <\/span>weiterlesen<\/a><\/p>\n","protected":false},"author":2,"featured_media":0,"parent":3358,"menu_order":0,"comment_status":"open","ping_status":"open","template":"","meta":{"footnotes":""},"class_list":["post-2802","page","type-page","status-publish","hentry"],"_links":{"self":[{"href":"https:\/\/fernuni.digreb.net\/index.php?rest_route=\/wp\/v2\/pages\/2802","targetHints":{"allow":["GET"]}}],"collection":[{"href":"https:\/\/fernuni.digreb.net\/index.php?rest_route=\/wp\/v2\/pages"}],"about":[{"href":"https:\/\/fernuni.digreb.net\/index.php?rest_route=\/wp\/v2\/types\/page"}],"author":[{"embeddable":true,"href":"https:\/\/fernuni.digreb.net\/index.php?rest_route=\/wp\/v2\/users\/2"}],"replies":[{"embeddable":true,"href":"https:\/\/fernuni.digreb.net\/index.php?rest_route=%2Fwp%2Fv2%2Fcomments&post=2802"}],"version-history":[{"count":13,"href":"https:\/\/fernuni.digreb.net\/index.php?rest_route=\/wp\/v2\/pages\/2802\/revisions"}],"predecessor-version":[{"id":2823,"href":"https:\/\/fernuni.digreb.net\/index.php?rest_route=\/wp\/v2\/pages\/2802\/revisions\/2823"}],"up":[{"embeddable":true,"href":"https:\/\/fernuni.digreb.net\/index.php?rest_route=\/wp\/v2\/pages\/3358"}],"wp:attachment":[{"href":"https:\/\/fernuni.digreb.net\/index.php?rest_route=%2Fwp%2Fv2%2Fmedia&parent=2802"}],"curies":[{"name":"wp","href":"https:\/\/api.w.org\/{rel}","templated":true}]}}