{"id":1461,"date":"2013-05-02T11:40:45","date_gmt":"2013-05-02T09:40:45","guid":{"rendered":"http:\/\/fernuni.digreb.net\/?page_id=1461"},"modified":"2025-11-25T20:44:36","modified_gmt":"2025-11-25T19:44:36","slug":"050091010-einfuhrung-grundlagen-burgerliches-recht-bgb","status":"publish","type":"page","link":"https:\/\/fernuni.digreb.net\/?page_id=1461","title":{"rendered":"05009\/1010 &#8211; Einf\u00fchrung Grundlagen b\u00fcrgerliches Recht (BGB)"},"content":{"rendered":"\n<h2 class=\"wp-block-heading\">Kursfazit<\/h2>\n\n\n\n<p>Was soll ich dazu sagen? Zwei Wahlmodule muss man w\u00e4hlen um den Blick \u00fcber den Tellerrand zu wahren. Im WS12\/13 hatte man die Wahl zwischen:<\/p>\n\n\n\n<ul class=\"wp-block-list\">\n<li>01896: IV Strategie<\/li>\n\n\n\n<li>05009: Grundlagen des b\u00fcrgerlichen Rechts<\/li>\n\n\n\n<li>40500+40501: Einf\u00fchrung in die Wirtschaftswissenschaften und<\/li>\n\n\n\n<li>41621: Grundlagen des Marketing<\/li>\n<\/ul>\n\n\n\n<p>Alles nicht unbedingt das, was ich gerne h\u00e4tte. Den Kurs Arbeits- und Organisationspsychologie gibt es leider nicht mehr. Und ob er als Nebenfach f\u00fcr den Bachelor in Informatik noch kommt, ist ungewiss. IV Strategie hatte ich bereits belegt, \u00fcber Marketing hatte ich diverse Horror-Szenarien (sich widersprechender Kurstext, usw.) geh\u00f6rt und Wirtschaftswissenschaften &#8230; tja, vielleicht w\u00e4re das die bessere Wahl gewesen.<\/p>\n\n\n\n<p>Sicherlich erscheint die Besch\u00e4ftigung mit dem b\u00fcrgerlichen Gesetzbuch zun\u00e4chst als sinnvoll. Auch f\u00fcr Themen au\u00dferhalb der Uni macht es Sinn sich mit den Regeln des Zusammenlebens vertraut zu machen und z.B. zu wissen, was zum Schadenersatz geh\u00f6rt oder nicht, wann Verj\u00e4hrung eintritt und wann eine Anfechtung die Anspruchsgrundlage zur Nichte macht und wann nicht. Gegen das Skript, den Stoff und das Thema habe ich also absolut nichts. Meine Kritik, oder sagen wir lieber: der Grund, warum mir der Kurs nicht gefallen hat ist ein ganz anderer. Er bezieht sich auf die Struktur von Jura selbst. Daher ist es eher meine eigene Schuld, dass ich einen Kurs gew\u00e4hlt habe, von dem ich die, gleich kritisierten negativen Aspekte, schon von Anfang an wissen musste.<\/p>\n\n\n\n<p>Jura ist ein Paukfach, das wissen wir alle. Das Verstehen ordnet sich weit hinter dem Auswendiglernen von Fakten an. Wer daran Spa\u00df hat: klasse Kurs. Eigenes denken so weit wie m\u00f6glich runterfahren und jeden Fall im Gutachterstil l\u00f6sen: Obersatz, Definition, Subsumtion, Ergebnis. Zentrale Frage: Wer will was von wem auf welcher Grundlage? Der Rest ist stupides reinbrettern von Fakten: wann entsteht welcher Anspruch und wann geht er unter. Die Kunst ist sich nicht von unn\u00f6tigen Details wie eigenem Gerechtigkeitsgef\u00fchl ablenken zu lassen.<\/p>\n\n\n\n<p>Vorteil f\u00fcr Informatik-Studenten: die Einsendeaufgaben m\u00fcssen nicht mit 50% bzw. 75% gel\u00f6st werden um die Klausur schreiben zu d\u00fcrfen.<\/p>\n\n\n\n<p>Da Ihr 2 aus 4 f\u00fcr euer Nebenfach w\u00e4hlen m\u00fcsst halte ich BGB f\u00fcr eine&nbsp;&#8211; im Vergleich zu Marketing (wer hier und zu WiWi ein Fazit f\u00fcr mich hat, dass ich ver\u00f6ffentlichen darf: her damit!) &#8211; gute Wahl. Hirn aus und Fakten reinpr\u00fcgeln. Ist vielleicht auch mal eine nette Abwechslung zu F\u00e4chern wie der theoretischen Informatik.<\/p>\n\n\n\n<p>Noch etwas zum Skript: sch\u00f6n geschrieben. Jeder \u00a7 mit einem Beispiel aus der Praxis. Macht Spa\u00df zu lesen.<\/p>\n\n\n\n<h2 class=\"wp-block-heading\">Kursinhalt<\/h2>\n\n\n\n<p>Nein, ich schreibe jetzt nicht das ganze BGB ab. Inhalt ist fast komplettes BGB und Teile vom HGB. Aus diesem Grund sind die oben rechts verlinkten B\u00fccher kein Vorschlag, sondern ein must have! Vor allem weil man die zur Klausur mitbringen darf (Vorsicht: keine Notizen ins Buch! unbeschriebene Post-its und Farbmarkierungen sind jedoch erlaubt, Stand WS12\/13). Und nein, die Version von 1989, die Ihr im Schrank habt ist nicht hinreichend.<\/p>\n\n\n\n<h2 class=\"wp-block-heading\">Lernmaterialien<\/h2>\n\n\n\n<p>Am Ende habe ich den Kurs in Mindmaps zusammengefasst und mit eigene Lernkarten f\u00fcr Anki geschrieben. Am Ende sind es knapp 200 geworden. Die k\u00f6nnte Ihr hier downloaden:&nbsp;<a href=\"https:\/\/fernuni.digreb.net\/wp-content\/uploads\/2013\/05\/Lernkarten_5009_v2.rar\">Lernkarten_5009_v2<\/a>&nbsp;(als RAR, Richtigkeit nat\u00fcrlich ohne Gew\u00e4hr &#8211; solltet Ihr Fehler finden, bitte an mich).<\/p>\n\n\n\n<p><strong>Update<\/strong>: hatte vor einiger Zeit mit einem Kommilitonen gesprochen, der auch BGB belegt hatte. Er meinte massive Probleme dabei gehabt zu haben F\u00e4lle zu l\u00f6sen, da ihm immer ein Detail &#8222;durch die Lappen geht&#8220; (Verj\u00e4hrung, etc.). Sein Tipp war ein Fallbuch zu BGB.<\/p>\n\n\n\n<p>Leider kann ich zu dem Buch selbst nichts sagen, daher: Bestellung auf eigene Gefahr \ud83d\ude09<\/p>\n\n\n\n<h2 class=\"wp-block-heading\">Pr\u00fcfungsfazit<\/h2>\n\n\n\n<p>Multiple Choice. Ich wei\u00df nicht ob ich Mensch Computer Interaktion schlimmer fand oder das hier. Anyway: fair gestellt. Die Fragen in den Klausuren sind endlich, d.h. Musterl\u00f6sungen werden nicht ver\u00f6ffentlicht um nicht jedes Mal neue Fragen ausdenken zu m\u00fcssen. Aus diesem Grund sieht es der Lehrstuhl auch nicht gerne wenn man alte Klausuren und Klausurfragen (einige schreiben die Klausurfragen nach der Klausur ab und nehmen sie mit) verteilt. Einige Fragen kursieren in den Foren vom <a href=\"http:\/\/www.studienservice.de\">Studienservice<\/a> &nbsp;und Antworten, einige sind aus den Einsendeaufgaben und einige sind neu. Die Antworten sind ohne Gew\u00e4hr, da sie von Studenten sind (wie gesagt: keine Musterl\u00f6sung vom Lehrstuhl). Der Spruch &#8222;Zwei Juristen, drei Meinungen&#8220; gilt aber. Im Zweifel gilt die Meinung des Lehrstuhls aus dem Skript. Steht auch wortw\u00f6rtlich so im Skript drin.<\/p>\n\n\n\n<p>Es gibt &#8222;1 aus m&#8220;- und &#8222;n aus m&#8220;-Fragen. Bei meiner Klausur gab es 25 davon. Ab 90% gibt es eine 1,3, ab 95 eine 1,0. Hatte in der Pr\u00fcfung vom WS 12\/13 niemand. Ich habe mir sagen lassen, dass eine 1,0 in BGb sehr, sehr selten ist. Durchfallquote lag bei 20%, geschrieben haben die Klausur 25 Leute und die Korrektur dauerte 8 Wochen. Damit habt Ihr alle Fakten zur Pr\u00fcfung drin.<\/p>\n\n\n\n<p>Machbar: ja.<\/p>\n\n\n\n<p>Tipp: lest euch die Aufgabenstellung genau durch! Eine Aufgabe mag manchmal so aussehen, wie die Aufgabe aus den Einsendearbeiten. Ein klitzekleines &#8222;nicht&#8220; im Satz verkehrt die L\u00f6sung jedoch ins genaue Gegenteil.<\/p>\n\n\n\n<h3 class=\"wp-block-heading\">Buchempfehlung<\/h3>\n\n\n\n<a class=\"amazonlink\" target=\"_blank\"  href=\"https:\/\/www.amazon.de\/gp\/product\/3423050020\/ref=as_li_tl?ie=UTF8&#038;camp=1638&#038;creative=6742&#038;creativeASIN=3423050020&#038;linkCode=as2&#038;tag=fernblog09-21&#038;linkId=c02dd6c9eddb64e8c6ef98a4cb32d01f\"><img decoding=\"async\" width=\"150px\" src=\"wp-content\/uploads\/2025\/11\/71uyLzKl95L._SL1500_.jpg\" alt=\" Handelsgesetzbuch HGB: mit Seehandelsrecht, mit Wechselgesetz und Scheckgesetz und Publizit&auml;tsgesetz\"><\/img><\/a>\n\n<a class=\"amazonlink\" target=\"_blank\"  href=\"https:\/\/www.amazon.de\/gp\/product\/3800638975\/ref=as_li_tl?ie=UTF8&#038;camp=1638&#038;creative=6742&#038;creativeASIN=3800638975&#038;linkCode=as2&#038;tag=fernblog09-21&#038;linkId=c02dd6c9eddb64e8c6ef98a4cb32d01f\"><img decoding=\"async\" width=\"150px\" src=\"wp-content\/uploads\/2025\/11\/41nXIKLTjrL.jpg\" alt=\" &Uuml;bungen im Privatrecht: &Uuml;bersichten, Fragen und F&auml;lle zum B&uuml;rgerlichen, Handels-, Gesellschaftsund Arbeitsrecht\"><\/img><\/a>\n\n<a class=\"amazonlink\" target=\"_blank\"  href=\"https:\/\/www.amazon.de\/gp\/product\/3423050012?ie=UTF8&#038;linkCode=ll1&#038;tag=fernblog09-21&#038;linkId=6edd3fd75683812a0bfaac60e61704f1&#038;language=de_DE&#038;ref_=as_li_ss_tl\"><img decoding=\"async\" width=\"150px\" src=\"wp-content\/uploads\/2025\/11\/71sZYEfNjRL._SL1500_.jpg\" alt=\" Mathematik f\u00fcr Informatiker: Eine aus der Informatik motivierte Einf\u00fchrung mit zahlreichen Anwendungsund Programmbeispielen\"><\/img><\/a>\n\n\n\n<p><\/p>\n","protected":false},"excerpt":{"rendered":"<p>Kursfazit Was soll ich dazu sagen? Zwei Wahlmodule muss man w\u00e4hlen um den Blick \u00fcber den Tellerrand zu wahren. Im WS12\/13 hatte man die Wahl zwischen: Alles nicht unbedingt das, was ich gerne h\u00e4tte. Den Kurs Arbeits- und Organisationspsychologie gibt es leider nicht mehr. Und ob er als Nebenfach f\u00fcr den Bachelor in Informatik noch &hellip; <\/p>\n<p class=\"link-more\"><a href=\"https:\/\/fernuni.digreb.net\/?page_id=1461\" class=\"more-link\"><span class=\"screen-reader-text\">\u201e05009\/1010 &#8211; Einf\u00fchrung Grundlagen b\u00fcrgerliches Recht (BGB)\u201c <\/span>weiterlesen<\/a><\/p>\n","protected":false},"author":2,"featured_media":0,"parent":3360,"menu_order":0,"comment_status":"open","ping_status":"open","template":"","meta":{"footnotes":""},"class_list":["post-1461","page","type-page","status-publish","hentry"],"_links":{"self":[{"href":"https:\/\/fernuni.digreb.net\/index.php?rest_route=\/wp\/v2\/pages\/1461","targetHints":{"allow":["GET"]}}],"collection":[{"href":"https:\/\/fernuni.digreb.net\/index.php?rest_route=\/wp\/v2\/pages"}],"about":[{"href":"https:\/\/fernuni.digreb.net\/index.php?rest_route=\/wp\/v2\/types\/page"}],"author":[{"embeddable":true,"href":"https:\/\/fernuni.digreb.net\/index.php?rest_route=\/wp\/v2\/users\/2"}],"replies":[{"embeddable":true,"href":"https:\/\/fernuni.digreb.net\/index.php?rest_route=%2Fwp%2Fv2%2Fcomments&post=1461"}],"version-history":[{"count":10,"href":"https:\/\/fernuni.digreb.net\/index.php?rest_route=\/wp\/v2\/pages\/1461\/revisions"}],"predecessor-version":[{"id":3475,"href":"https:\/\/fernuni.digreb.net\/index.php?rest_route=\/wp\/v2\/pages\/1461\/revisions\/3475"}],"up":[{"embeddable":true,"href":"https:\/\/fernuni.digreb.net\/index.php?rest_route=\/wp\/v2\/pages\/3360"}],"wp:attachment":[{"href":"https:\/\/fernuni.digreb.net\/index.php?rest_route=%2Fwp%2Fv2%2Fmedia&parent=1461"}],"curies":[{"name":"wp","href":"https:\/\/api.w.org\/{rel}","templated":true}]}}